{"id":87,"date":"2023-12-12T19:40:32","date_gmt":"2023-12-12T19:40:32","guid":{"rendered":"https:\/\/instaloc.es\/?page_id=87"},"modified":"2024-02-13T12:13:01","modified_gmt":"2024-02-13T12:13:01","slug":"servicios","status":"publish","type":"page","link":"https:\/\/instaloc.es\/ca\/servicios\/","title":{"rendered":"Serveis"},"content":{"rendered":"<div data-elementor-type=\"wp-page\" data-elementor-id=\"87\" class=\"elementor elementor-87\" data-elementor-post-type=\"page\">\n\t\t\t\t\t\t<section class=\"elementor-section elementor-top-section elementor-element elementor-element-6a55b29e elementor-section-full_width elementor-section-height-default elementor-section-height-default\" data-id=\"6a55b29e\" data-element_type=\"section\" id=\"uppage\">\n\t\t\t\t\t\t<div class=\"elementor-container elementor-column-gap-no\">\n\t\t\t\t\t<div class=\"elementor-column elementor-col-100 elementor-top-column elementor-element elementor-element-4b27f5ee\" data-id=\"4b27f5ee\" data-element_type=\"column\">\n\t\t\t<div class=\"elementor-widget-wrap elementor-element-populated\">\n\t\t\t\t\t\t<div class=\"elementor-element elementor-element-4d2cc61e elementor-widget elementor-widget-heading\" data-id=\"4d2cc61e\" data-element_type=\"widget\" data-widget_type=\"heading.default\">\n\t\t\t\t<div class=\"elementor-widget-container\">\n\t\t\t<style>\/*! elementor - v3.19.0 - 07-02-2024 *\/\n.elementor-heading-title{padding:0;margin:0;line-height:1}.elementor-widget-heading .elementor-heading-title[class*=elementor-size-]>a{color:inherit;font-size:inherit;line-height:inherit}.elementor-widget-heading .elementor-heading-title.elementor-size-small{font-size:15px}.elementor-widget-heading .elementor-heading-title.elementor-size-medium{font-size:19px}.elementor-widget-heading .elementor-heading-title.elementor-size-large{font-size:29px}.elementor-widget-heading .elementor-heading-title.elementor-size-xl{font-size:39px}.elementor-widget-heading .elementor-heading-title.elementor-size-xxl{font-size:59px}<\/style><h2 class=\"elementor-heading-title elementor-size-default\">ELS NOSTRES SERVEIS<\/h2>\t\t<\/div>\n\t\t\t\t<\/div>\n\t\t\t\t<div class=\"elementor-element elementor-element-4c029348 elementor-widget elementor-widget-image\" data-id=\"4c029348\" data-element_type=\"widget\" data-widget_type=\"image.default\">\n\t\t\t\t<div class=\"elementor-widget-container\">\n\t\t\t<style>\/*! elementor - v3.19.0 - 07-02-2024 *\/\n.elementor-widget-image{text-align:center}.elementor-widget-image a{display:inline-block}.elementor-widget-image a img[src$=\".svg\"]{width:48px}.elementor-widget-image img{vertical-align:middle;display:inline-block}<\/style>\t\t\t\t\t\t\t\t\t\t<img fetchpriority=\"high\" decoding=\"async\" width=\"1920\" height=\"1380\" src=\"https:\/\/instaloc.es\/wp-content\/uploads\/2023\/12\/olivier-darbonville-2oGduhbUIUY-unsplash-1.webp\" class=\"attachment-full size-full wp-image-92\" alt=\"\" srcset=\"https:\/\/instaloc.es\/wp-content\/uploads\/2023\/12\/olivier-darbonville-2oGduhbUIUY-unsplash-1.webp 1920w, https:\/\/instaloc.es\/wp-content\/uploads\/2023\/12\/olivier-darbonville-2oGduhbUIUY-unsplash-1-300x216.webp 300w, https:\/\/instaloc.es\/wp-content\/uploads\/2023\/12\/olivier-darbonville-2oGduhbUIUY-unsplash-1-1024x736.webp 1024w, https:\/\/instaloc.es\/wp-content\/uploads\/2023\/12\/olivier-darbonville-2oGduhbUIUY-unsplash-1-768x552.webp 768w, https:\/\/instaloc.es\/wp-content\/uploads\/2023\/12\/olivier-darbonville-2oGduhbUIUY-unsplash-1-1536x1104.webp 1536w\" sizes=\"(max-width: 1920px) 100vw, 1920px\" \/>\t\t\t\t\t\t\t\t\t\t\t\t\t<\/div>\n\t\t\t\t<\/div>\n\t\t\t\t<section class=\"elementor-section elementor-inner-section elementor-element elementor-element-493ca20d elementor-section-boxed elementor-section-height-default elementor-section-height-default\" data-id=\"493ca20d\" data-element_type=\"section\">\n\t\t\t\t\t\t<div class=\"elementor-container elementor-column-gap-default\">\n\t\t\t\t\t<div class=\"elementor-column elementor-col-100 elementor-inner-column elementor-element elementor-element-1b915496\" data-id=\"1b915496\" data-element_type=\"column\">\n\t\t\t<div class=\"elementor-widget-wrap elementor-element-populated\">\n\t\t\t\t\t\t<div class=\"elementor-element elementor-element-68458faf elementor-widget elementor-widget-heading\" data-id=\"68458faf\" data-element_type=\"widget\" data-widget_type=\"heading.default\">\n\t\t\t\t<div class=\"elementor-widget-container\">\n\t\t\t<h6 class=\"elementor-heading-title elementor-size-default\">SOLUCIONS PERSONALITZADES EN SEGURETAT I COMUNICACI\u00d3\n<\/h6>\t\t<\/div>\n\t\t\t\t<\/div>\n\t\t\t\t<div class=\"elementor-element elementor-element-40213fc1 elementor-widget elementor-widget-text-editor\" data-id=\"40213fc1\" data-element_type=\"widget\" data-widget_type=\"text-editor.default\">\n\t\t\t\t<div class=\"elementor-widget-container\">\n\t\t\t<style>\/*! elementor - v3.19.0 - 07-02-2024 *\/\n.elementor-widget-text-editor.elementor-drop-cap-view-stacked .elementor-drop-cap{background-color:#69727d;color:#fff}.elementor-widget-text-editor.elementor-drop-cap-view-framed .elementor-drop-cap{color:#69727d;border:3px solid;background-color:transparent}.elementor-widget-text-editor:not(.elementor-drop-cap-view-default) .elementor-drop-cap{margin-top:8px}.elementor-widget-text-editor:not(.elementor-drop-cap-view-default) .elementor-drop-cap-letter{width:1em;height:1em}.elementor-widget-text-editor .elementor-drop-cap{float:left;text-align:center;line-height:1;font-size:50px}.elementor-widget-text-editor .elementor-drop-cap-letter{display:inline-block}<\/style>\t\t\t\t<p>En Instaloc, oferim una gamma completa de serveis per a satisfer totes les teves necessitats de seguretat i comunicaci\u00f3.<\/p><p>Amb un enfocament en la serietat i la confian\u00e7a, els nostres serveis inclouen:<\/p>\t\t\t\t\t\t<\/div>\n\t\t\t\t<\/div>\n\t\t\t\t\t<\/div>\n\t\t<\/div>\n\t\t\t\t\t<\/div>\n\t\t<\/section>\n\t\t\t\t\t<\/div>\n\t\t<\/div>\n\t\t\t\t\t<\/div>\n\t\t<\/section>\n\t\t\t\t<section class=\"elementor-section elementor-top-section elementor-element elementor-element-56a61196 elementor-section-full_width elementor-section-height-min-height elementor-section-items-stretch elementor-section-content-middle elementor-section-height-default\" data-id=\"56a61196\" data-element_type=\"section\">\n\t\t\t\t\t\t<div class=\"elementor-container elementor-column-gap-no\">\n\t\t\t\t\t<div class=\"elementor-column elementor-col-66 elementor-top-column elementor-element elementor-element-3945102c\" data-id=\"3945102c\" data-element_type=\"column\" data-settings=\"{&quot;background_background&quot;:&quot;classic&quot;}\">\n\t\t\t<div class=\"elementor-widget-wrap elementor-element-populated\">\n\t\t\t\t\t\t<div class=\"elementor-element elementor-element-77fef4ce elementor-widget elementor-widget-heading\" data-id=\"77fef4ce\" data-element_type=\"widget\" data-widget_type=\"heading.default\">\n\t\t\t\t<div class=\"elementor-widget-container\">\n\t\t\t<h2 class=\"elementor-heading-title elementor-size-default\">INSTAL\u00b7LACI\u00d3 D'ANTENES<\/h2>\t\t<\/div>\n\t\t\t\t<\/div>\n\t\t\t\t\t<\/div>\n\t\t<\/div>\n\t\t\t\t<div class=\"elementor-column elementor-col-33 elementor-top-column elementor-element elementor-element-341e691f\" data-id=\"341e691f\" data-element_type=\"column\" data-settings=\"{&quot;background_background&quot;:&quot;classic&quot;}\">\n\t\t\t<div class=\"elementor-widget-wrap elementor-element-populated\">\n\t\t\t\t\t\t<div class=\"elementor-element elementor-element-5abd46e elementor-widget elementor-widget-text-editor\" data-id=\"5abd46e\" data-element_type=\"widget\" data-widget_type=\"text-editor.default\">\n\t\t\t\t<div class=\"elementor-widget-container\">\n\t\t\t\t\t\t\t<p>Proporcionem solucions avan\u00e7ades en antenes, assegurant una recepci\u00f3 \u00f2ptima i una instal\u00b7laci\u00f3 professional per a una comunicaci\u00f3 clara i efectiva.<\/p>\t\t\t\t\t\t<\/div>\n\t\t\t\t<\/div>\n\t\t\t\t\t<\/div>\n\t\t<\/div>\n\t\t\t\t\t<\/div>\n\t\t<\/section>\n\t\t\t\t<section class=\"elementor-section elementor-top-section elementor-element elementor-element-0680b6c elementor-section-full_width elementor-section-height-min-height elementor-section-items-stretch elementor-section-content-middle elementor-section-height-default\" data-id=\"0680b6c\" data-element_type=\"section\">\n\t\t\t\t\t\t<div class=\"elementor-container elementor-column-gap-no\">\n\t\t\t\t\t<div class=\"elementor-column elementor-col-33 elementor-top-column elementor-element elementor-element-9a01e2f\" data-id=\"9a01e2f\" data-element_type=\"column\" data-settings=\"{&quot;background_background&quot;:&quot;classic&quot;}\">\n\t\t\t<div class=\"elementor-widget-wrap elementor-element-populated\">\n\t\t\t\t\t\t<div class=\"elementor-element elementor-element-6e4fbe3 elementor-widget elementor-widget-text-editor\" data-id=\"6e4fbe3\" data-element_type=\"widget\" data-widget_type=\"text-editor.default\">\n\t\t\t\t<div class=\"elementor-widget-container\">\n\t\t\t\t\t\t\t<p>Modernitza el teu acc\u00e9s amb els nostres sistemes de porters i v\u00eddeo porters. Oferim tecnologia de punta que millora la seguretat i la comoditat en la teva llar o empresa.<\/p>\t\t\t\t\t\t<\/div>\n\t\t\t\t<\/div>\n\t\t\t\t\t<\/div>\n\t\t<\/div>\n\t\t\t\t<div class=\"elementor-column elementor-col-66 elementor-top-column elementor-element elementor-element-0f699cd\" data-id=\"0f699cd\" data-element_type=\"column\" data-settings=\"{&quot;background_background&quot;:&quot;classic&quot;}\">\n\t\t\t<div class=\"elementor-widget-wrap elementor-element-populated\">\n\t\t\t\t\t\t<div class=\"elementor-element elementor-element-ed5757c elementor-widget elementor-widget-heading\" data-id=\"ed5757c\" data-element_type=\"widget\" data-widget_type=\"heading.default\">\n\t\t\t\t<div class=\"elementor-widget-container\">\n\t\t\t<h2 class=\"elementor-heading-title elementor-size-default\">SISTEMES DE PORTERS I V\u00cdDEO PORTERS<\/h2>\t\t<\/div>\n\t\t\t\t<\/div>\n\t\t\t\t\t<\/div>\n\t\t<\/div>\n\t\t\t\t\t<\/div>\n\t\t<\/section>\n\t\t\t\t<section class=\"elementor-section elementor-top-section elementor-element elementor-element-648b1c5 elementor-section-full_width elementor-section-height-min-height elementor-section-items-stretch elementor-section-content-middle elementor-section-height-default\" data-id=\"648b1c5\" data-element_type=\"section\">\n\t\t\t\t\t\t<div class=\"elementor-container elementor-column-gap-no\">\n\t\t\t\t\t<div class=\"elementor-column elementor-col-66 elementor-top-column elementor-element elementor-element-1123b56\" data-id=\"1123b56\" data-element_type=\"column\" data-settings=\"{&quot;background_background&quot;:&quot;classic&quot;}\">\n\t\t\t<div class=\"elementor-widget-wrap elementor-element-populated\">\n\t\t\t\t\t\t<div class=\"elementor-element elementor-element-2f9f78b elementor-widget elementor-widget-heading\" data-id=\"2f9f78b\" data-element_type=\"widget\" data-widget_type=\"heading.default\">\n\t\t\t\t<div class=\"elementor-widget-container\">\n\t\t\t<h2 class=\"elementor-heading-title elementor-size-default\">SISTEMES CCTV INTEGRATS<\/h2>\t\t<\/div>\n\t\t\t\t<\/div>\n\t\t\t\t\t<\/div>\n\t\t<\/div>\n\t\t\t\t<div class=\"elementor-column elementor-col-33 elementor-top-column elementor-element elementor-element-043b787\" data-id=\"043b787\" data-element_type=\"column\" data-settings=\"{&quot;background_background&quot;:&quot;classic&quot;}\">\n\t\t\t<div class=\"elementor-widget-wrap elementor-element-populated\">\n\t\t\t\t\t\t<div class=\"elementor-element elementor-element-bd847f2 elementor-widget elementor-widget-text-editor\" data-id=\"bd847f2\" data-element_type=\"widget\" data-widget_type=\"text-editor.default\">\n\t\t\t\t<div class=\"elementor-widget-container\">\n\t\t\t\t\t\t\t<p>Mantingues un ull en la teva propietat amb els nostres sistemes de CCTV. Dissenyats per a la vigil\u00e0ncia i seguretat, els nostres sistemes ofereixen tranquil\u00b7litat amb imatges n\u00edtides i monitoratge eficient.<\/p>\t\t\t\t\t\t<\/div>\n\t\t\t\t<\/div>\n\t\t\t\t\t<\/div>\n\t\t<\/div>\n\t\t\t\t\t<\/div>\n\t\t<\/section>\n\t\t\t\t<section class=\"elementor-section elementor-top-section elementor-element elementor-element-69256bc elementor-section-boxed elementor-section-height-default elementor-section-height-default\" data-id=\"69256bc\" data-element_type=\"section\">\n\t\t\t\t\t\t<div class=\"elementor-container elementor-column-gap-default\">\n\t\t\t\t\t<div class=\"elementor-column elementor-col-100 elementor-top-column elementor-element elementor-element-82ad401\" data-id=\"82ad401\" data-element_type=\"column\">\n\t\t\t<div class=\"elementor-widget-wrap elementor-element-populated\">\n\t\t\t\t\t\t<section class=\"elementor-section elementor-inner-section elementor-element elementor-element-5c5ecf4 elementor-section-boxed elementor-section-height-default elementor-section-height-default\" data-id=\"5c5ecf4\" data-element_type=\"section\">\n\t\t\t\t\t\t<div class=\"elementor-container elementor-column-gap-no\">\n\t\t\t\t\t<div class=\"elementor-column elementor-col-100 elementor-inner-column elementor-element elementor-element-92669c5\" data-id=\"92669c5\" data-element_type=\"column\">\n\t\t\t<div class=\"elementor-widget-wrap elementor-element-populated\">\n\t\t\t\t\t\t<div class=\"elementor-element elementor-element-4dca450 elementor-widget elementor-widget-heading\" data-id=\"4dca450\" data-element_type=\"widget\" data-widget_type=\"heading.default\">\n\t\t\t\t<div class=\"elementor-widget-container\">\n\t\t\t<h3 class=\"elementor-heading-title elementor-size-default\">COMPROM\u00cdS AMB L'EXCEL\u00b7L\u00c8NCIA\n<\/h3>\t\t<\/div>\n\t\t\t\t<\/div>\n\t\t\t\t<div class=\"elementor-element elementor-element-6ef9276 elementor-widget elementor-widget-text-editor\" data-id=\"6ef9276\" data-element_type=\"widget\" data-widget_type=\"text-editor.default\">\n\t\t\t\t<div class=\"elementor-widget-container\">\n\t\t\t\t\t\t\t<p>Cada servei que oferim est\u00e0 recolzat pel nostre comprom\u00eds amb l'excel\u00b7l\u00e8ncia. Ens enorgullim de realitzar instal\u00b7lacions precises, proporcionant solucions a mesura que s'ajusten a les teves necessitats espec\u00edfiques.<\/p>\t\t\t\t\t\t<\/div>\n\t\t\t\t<\/div>\n\t\t\t\t\t<\/div>\n\t\t<\/div>\n\t\t\t\t\t<\/div>\n\t\t<\/section>\n\t\t\t\t\t<\/div>\n\t\t<\/div>\n\t\t\t\t\t<\/div>\n\t\t<\/section>\n\t\t\t\t<\/div>","protected":false},"excerpt":{"rendered":"<p>Nuestros servicios Soluciones Personalizadas en Seguridad y Comunicaci\u00f3n En Instaloc, ofrecemos una gama completa de servicios para satisfacer todas tus necesidades de seguridad y comunicaci\u00f3n. Con un enfoque en la seriedad y la confianza, nuestros servicios incluyen: Instalaci\u00f3n de Antenas Proporcionamos soluciones avanzadas en antenas, asegurando una recepci\u00f3n \u00f3ptima y una instalaci\u00f3n profesional para una [&hellip;]<\/p>","protected":false},"author":1,"featured_media":0,"parent":0,"menu_order":0,"comment_status":"closed","ping_status":"closed","template":"","meta":{"footnotes":""},"class_list":["post-87","page","type-page","status-publish","hentry"],"yoast_head":"<!-- This site is optimized with the Yoast SEO plugin v22.0 - https:\/\/yoast.com\/wordpress\/plugins\/seo\/ -->\n<title>Servicios - Instaloc<\/title>\n<meta name=\"robots\" content=\"index, follow, max-snippet:-1, max-image-preview:large, max-video-preview:-1\" \/>\n<link rel=\"canonical\" href=\"https:\/\/instaloc.es\/ca\/servicios\/\" \/>\n<meta property=\"og:locale\" content=\"ca_ES\" \/>\n<meta property=\"og:type\" content=\"article\" \/>\n<meta property=\"og:title\" content=\"Servicios - Instaloc\" \/>\n<meta property=\"og:description\" content=\"Nuestros servicios Soluciones Personalizadas en Seguridad y Comunicaci\u00f3n En Instaloc, ofrecemos una gama completa de servicios para satisfacer todas tus necesidades de seguridad y comunicaci\u00f3n. Con un enfoque en la seriedad y la confianza, nuestros servicios incluyen: Instalaci\u00f3n de Antenas Proporcionamos soluciones avanzadas en antenas, asegurando una recepci\u00f3n \u00f3ptima y una instalaci\u00f3n profesional para una [&hellip;]\" \/>\n<meta property=\"og:url\" content=\"https:\/\/instaloc.es\/ca\/servicios\/\" \/>\n<meta property=\"og:site_name\" content=\"Instaloc\" \/>\n<meta property=\"article:modified_time\" content=\"2024-02-13T12:13:01+00:00\" \/>\n<meta property=\"og:image\" content=\"https:\/\/instaloc.es\/wp-content\/uploads\/2023\/12\/olivier-darbonville-2oGduhbUIUY-unsplash-1.webp\" \/>\n<meta name=\"twitter:card\" content=\"summary_large_image\" \/>\n<meta name=\"twitter:label1\" content=\"Temps estimat de lectura\" \/>\n\t<meta name=\"twitter:data1\" content=\"1 minut\" \/>\n<script type=\"application\/ld+json\" class=\"yoast-schema-graph\">{\"@context\":\"https:\/\/schema.org\",\"@graph\":[{\"@type\":\"WebPage\",\"@id\":\"https:\/\/instaloc.es\/servicios\/\",\"url\":\"https:\/\/instaloc.es\/servicios\/\",\"name\":\"Servicios - Instaloc\",\"isPartOf\":{\"@id\":\"https:\/\/instaloc.es\/#website\"},\"datePublished\":\"2023-12-12T19:40:32+00:00\",\"dateModified\":\"2024-02-13T12:13:01+00:00\",\"breadcrumb\":{\"@id\":\"https:\/\/instaloc.es\/servicios\/#breadcrumb\"},\"inLanguage\":\"ca\",\"potentialAction\":[{\"@type\":\"ReadAction\",\"target\":[\"https:\/\/instaloc.es\/servicios\/\"]}]},{\"@type\":\"BreadcrumbList\",\"@id\":\"https:\/\/instaloc.es\/servicios\/#breadcrumb\",\"itemListElement\":[{\"@type\":\"ListItem\",\"position\":1,\"name\":\"Portada\",\"item\":\"https:\/\/instaloc.es\/\"},{\"@type\":\"ListItem\",\"position\":2,\"name\":\"Servicios\"}]},{\"@type\":\"WebSite\",\"@id\":\"https:\/\/instaloc.es\/#website\",\"url\":\"https:\/\/instaloc.es\/\",\"name\":\"Instaloc\",\"description\":\"En Instaloc nuestros servicios profesionales en instalaci\u00f3n de antenas, sistemas de CCTV, porteros y v\u00eddeo porteros. Ofrecemos soluciones avanzadas en seguridad y comunicaci\u00f3n, personalizadas para tu hogar o negocio. Comprometidos con la excelencia y la confianza.\",\"publisher\":{\"@id\":\"https:\/\/instaloc.es\/#organization\"},\"potentialAction\":[{\"@type\":\"SearchAction\",\"target\":{\"@type\":\"EntryPoint\",\"urlTemplate\":\"https:\/\/instaloc.es\/?s={search_term_string}\"},\"query-input\":\"required name=search_term_string\"}],\"inLanguage\":\"ca\"},{\"@type\":\"Organization\",\"@id\":\"https:\/\/instaloc.es\/#organization\",\"name\":\"Instaloc\",\"url\":\"https:\/\/instaloc.es\/\",\"logo\":{\"@type\":\"ImageObject\",\"inLanguage\":\"ca\",\"@id\":\"https:\/\/instaloc.es\/#\/schema\/logo\/image\/\",\"url\":\"https:\/\/instaloc.es\/wp-content\/uploads\/2023\/12\/logo-instaloc.png\",\"contentUrl\":\"https:\/\/instaloc.es\/wp-content\/uploads\/2023\/12\/logo-instaloc.png\",\"width\":317,\"height\":136,\"caption\":\"Instaloc\"},\"image\":{\"@id\":\"https:\/\/instaloc.es\/#\/schema\/logo\/image\/\"}}]}<\/script>\n<!-- \/ Yoast SEO plugin. -->","yoast_head_json":{"title":"Servicios - Instaloc","robots":{"index":"index","follow":"follow","max-snippet":"max-snippet:-1","max-image-preview":"max-image-preview:large","max-video-preview":"max-video-preview:-1"},"canonical":"https:\/\/instaloc.es\/ca\/servicios\/","og_locale":"ca_ES","og_type":"article","og_title":"Servicios - Instaloc","og_description":"Nuestros servicios Soluciones Personalizadas en Seguridad y Comunicaci\u00f3n En Instaloc, ofrecemos una gama completa de servicios para satisfacer todas tus necesidades de seguridad y comunicaci\u00f3n. Con un enfoque en la seriedad y la confianza, nuestros servicios incluyen: Instalaci\u00f3n de Antenas Proporcionamos soluciones avanzadas en antenas, asegurando una recepci\u00f3n \u00f3ptima y una instalaci\u00f3n profesional para una [&hellip;]","og_url":"https:\/\/instaloc.es\/ca\/servicios\/","og_site_name":"Instaloc","article_modified_time":"2024-02-13T12:13:01+00:00","og_image":[{"url":"https:\/\/instaloc.es\/wp-content\/uploads\/2023\/12\/olivier-darbonville-2oGduhbUIUY-unsplash-1.webp"}],"twitter_card":"summary_large_image","twitter_misc":{"Temps estimat de lectura":"1 minut"},"schema":{"@context":"https:\/\/schema.org","@graph":[{"@type":"WebPage","@id":"https:\/\/instaloc.es\/servicios\/","url":"https:\/\/instaloc.es\/servicios\/","name":"Servicios - Instaloc","isPartOf":{"@id":"https:\/\/instaloc.es\/#website"},"datePublished":"2023-12-12T19:40:32+00:00","dateModified":"2024-02-13T12:13:01+00:00","breadcrumb":{"@id":"https:\/\/instaloc.es\/servicios\/#breadcrumb"},"inLanguage":"ca","potentialAction":[{"@type":"ReadAction","target":["https:\/\/instaloc.es\/servicios\/"]}]},{"@type":"BreadcrumbList","@id":"https:\/\/instaloc.es\/servicios\/#breadcrumb","itemListElement":[{"@type":"ListItem","position":1,"name":"Portada","item":"https:\/\/instaloc.es\/"},{"@type":"ListItem","position":2,"name":"Servicios"}]},{"@type":"WebSite","@id":"https:\/\/instaloc.es\/#website","url":"https:\/\/instaloc.es\/","name":"Instaloc","description":"En Instaloc nuestros servicios profesionales en instalaci\u00f3n de antenas, sistemas de CCTV, porteros y v\u00eddeo porteros. Ofrecemos soluciones avanzadas en seguridad y comunicaci\u00f3n, personalizadas para tu hogar o negocio. Comprometidos con la excelencia y la confianza.","publisher":{"@id":"https:\/\/instaloc.es\/#organization"},"potentialAction":[{"@type":"SearchAction","target":{"@type":"EntryPoint","urlTemplate":"https:\/\/instaloc.es\/?s={search_term_string}"},"query-input":"required name=search_term_string"}],"inLanguage":"ca"},{"@type":"Organization","@id":"https:\/\/instaloc.es\/#organization","name":"Instaloc","url":"https:\/\/instaloc.es\/","logo":{"@type":"ImageObject","inLanguage":"ca","@id":"https:\/\/instaloc.es\/#\/schema\/logo\/image\/","url":"https:\/\/instaloc.es\/wp-content\/uploads\/2023\/12\/logo-instaloc.png","contentUrl":"https:\/\/instaloc.es\/wp-content\/uploads\/2023\/12\/logo-instaloc.png","width":317,"height":136,"caption":"Instaloc"},"image":{"@id":"https:\/\/instaloc.es\/#\/schema\/logo\/image\/"}}]}},"_links":{"self":[{"href":"https:\/\/instaloc.es\/ca\/wp-json\/wp\/v2\/pages\/87","targetHints":{"allow":["GET"]}}],"collection":[{"href":"https:\/\/instaloc.es\/ca\/wp-json\/wp\/v2\/pages"}],"about":[{"href":"https:\/\/instaloc.es\/ca\/wp-json\/wp\/v2\/types\/page"}],"author":[{"embeddable":true,"href":"https:\/\/instaloc.es\/ca\/wp-json\/wp\/v2\/users\/1"}],"replies":[{"embeddable":true,"href":"https:\/\/instaloc.es\/ca\/wp-json\/wp\/v2\/comments?post=87"}],"version-history":[{"count":11,"href":"https:\/\/instaloc.es\/ca\/wp-json\/wp\/v2\/pages\/87\/revisions"}],"predecessor-version":[{"id":158,"href":"https:\/\/instaloc.es\/ca\/wp-json\/wp\/v2\/pages\/87\/revisions\/158"}],"wp:attachment":[{"href":"https:\/\/instaloc.es\/ca\/wp-json\/wp\/v2\/media?parent=87"}],"curies":[{"name":"wp","href":"https:\/\/api.w.org\/{rel}","templated":true}]}}