{"id":64,"date":"2023-12-12T17:45:20","date_gmt":"2023-12-12T17:45:20","guid":{"rendered":"https:\/\/instaloc.es\/?page_id=64"},"modified":"2024-02-13T12:12:16","modified_gmt":"2024-02-13T12:12:16","slug":"historia","status":"publish","type":"page","link":"https:\/\/instaloc.es\/ca\/historia\/","title":{"rendered":"Hist\u00f2ria"},"content":{"rendered":"<div data-elementor-type=\"wp-page\" data-elementor-id=\"64\" class=\"elementor elementor-64\" data-elementor-post-type=\"page\">\n\t\t\t\t\t\t<section class=\"elementor-section elementor-top-section elementor-element elementor-element-40be1834 elementor-section-full_width elementor-section-height-default elementor-section-height-default\" data-id=\"40be1834\" data-element_type=\"section\" id=\"uppage\">\n\t\t\t\t\t\t<div class=\"elementor-container elementor-column-gap-no\">\n\t\t\t\t\t<div class=\"elementor-column elementor-col-100 elementor-top-column elementor-element elementor-element-583b1acf\" data-id=\"583b1acf\" data-element_type=\"column\">\n\t\t\t<div class=\"elementor-widget-wrap elementor-element-populated\">\n\t\t\t\t\t\t<section class=\"elementor-section elementor-inner-section elementor-element elementor-element-7c910ce1 elementor-section-boxed elementor-section-height-default elementor-section-height-default\" data-id=\"7c910ce1\" data-element_type=\"section\">\n\t\t\t\t\t\t<div class=\"elementor-container elementor-column-gap-no\">\n\t\t\t\t\t<div class=\"elementor-column elementor-col-100 elementor-inner-column elementor-element elementor-element-5508883a\" data-id=\"5508883a\" data-element_type=\"column\">\n\t\t\t<div class=\"elementor-widget-wrap elementor-element-populated\">\n\t\t\t\t\t\t<div class=\"elementor-element elementor-element-2479bc72 elementor-widget elementor-widget-heading\" data-id=\"2479bc72\" data-element_type=\"widget\" data-widget_type=\"heading.default\">\n\t\t\t\t<div class=\"elementor-widget-container\">\n\t\t\t<style>\/*! elementor - v3.19.0 - 07-02-2024 *\/\n.elementor-heading-title{padding:0;margin:0;line-height:1}.elementor-widget-heading .elementor-heading-title[class*=elementor-size-]>a{color:inherit;font-size:inherit;line-height:inherit}.elementor-widget-heading .elementor-heading-title.elementor-size-small{font-size:15px}.elementor-widget-heading .elementor-heading-title.elementor-size-medium{font-size:19px}.elementor-widget-heading .elementor-heading-title.elementor-size-large{font-size:29px}.elementor-widget-heading .elementor-heading-title.elementor-size-xl{font-size:39px}.elementor-widget-heading .elementor-heading-title.elementor-size-xxl{font-size:59px}<\/style><h2 class=\"elementor-heading-title elementor-size-default\">LA NOSTRA HIST\u00d2RIA<\/h2>\t\t<\/div>\n\t\t\t\t<\/div>\n\t\t\t\t<div class=\"elementor-element elementor-element-59d5f550 elementor-invisible elementor-widget elementor-widget-text-editor\" data-id=\"59d5f550\" data-element_type=\"widget\" data-settings=\"{&quot;_animation&quot;:&quot;fadeIn&quot;}\" data-widget_type=\"text-editor.default\">\n\t\t\t\t<div class=\"elementor-widget-container\">\n\t\t\t<style>\/*! elementor - v3.19.0 - 07-02-2024 *\/\n.elementor-widget-text-editor.elementor-drop-cap-view-stacked .elementor-drop-cap{background-color:#69727d;color:#fff}.elementor-widget-text-editor.elementor-drop-cap-view-framed .elementor-drop-cap{color:#69727d;border:3px solid;background-color:transparent}.elementor-widget-text-editor:not(.elementor-drop-cap-view-default) .elementor-drop-cap{margin-top:8px}.elementor-widget-text-editor:not(.elementor-drop-cap-view-default) .elementor-drop-cap-letter{width:1em;height:1em}.elementor-widget-text-editor .elementor-drop-cap{float:left;text-align:center;line-height:1;font-size:50px}.elementor-widget-text-editor .elementor-drop-cap-letter{display:inline-block}<\/style>\t\t\t\tDes dels nostres inicis en [any de fundaci\u00f3], en Instaloc hem estat a l'avantguarda en la instal\u00b7laci\u00f3 d'antenes, porters autom\u00e0tics, v\u00eddeo porters i sistemes de CCTV. El nostre viatge va comen\u00e7ar amb una visi\u00f3 clara: oferir solucions de seguretat i comunicaci\u00f3 de la m\u00e9s alta qualitat, combinant tecnologia avan\u00e7ada amb un enfocament personalitzat i de confian\u00e7a.\t\t\t\t\t\t<\/div>\n\t\t\t\t<\/div>\n\t\t\t\t\t<\/div>\n\t\t<\/div>\n\t\t\t\t\t<\/div>\n\t\t<\/section>\n\t\t\t\t<div class=\"elementor-element elementor-element-30c12784 elementor-widget elementor-widget-image\" data-id=\"30c12784\" data-element_type=\"widget\" data-widget_type=\"image.default\">\n\t\t\t\t<div class=\"elementor-widget-container\">\n\t\t\t<style>\/*! elementor - v3.19.0 - 07-02-2024 *\/\n.elementor-widget-image{text-align:center}.elementor-widget-image a{display:inline-block}.elementor-widget-image a img[src$=\".svg\"]{width:48px}.elementor-widget-image img{vertical-align:middle;display:inline-block}<\/style>\t\t\t\t\t\t\t\t\t\t<img fetchpriority=\"high\" decoding=\"async\" width=\"2560\" height=\"1706\" src=\"https:\/\/instaloc.es\/wp-content\/uploads\/2023\/12\/nathy-dog-z1uDmJx3ZEQ-unsplash-scaled.jpg\" class=\"attachment-full size-full wp-image-79\" alt=\"\" srcset=\"https:\/\/instaloc.es\/wp-content\/uploads\/2023\/12\/nathy-dog-z1uDmJx3ZEQ-unsplash-scaled.jpg 2560w, https:\/\/instaloc.es\/wp-content\/uploads\/2023\/12\/nathy-dog-z1uDmJx3ZEQ-unsplash-300x200.jpg 300w, https:\/\/instaloc.es\/wp-content\/uploads\/2023\/12\/nathy-dog-z1uDmJx3ZEQ-unsplash-1024x683.jpg 1024w, https:\/\/instaloc.es\/wp-content\/uploads\/2023\/12\/nathy-dog-z1uDmJx3ZEQ-unsplash-768x512.jpg 768w, https:\/\/instaloc.es\/wp-content\/uploads\/2023\/12\/nathy-dog-z1uDmJx3ZEQ-unsplash-1536x1024.jpg 1536w, https:\/\/instaloc.es\/wp-content\/uploads\/2023\/12\/nathy-dog-z1uDmJx3ZEQ-unsplash-2048x1365.jpg 2048w\" sizes=\"(max-width: 2560px) 100vw, 2560px\" \/>\t\t\t\t\t\t\t\t\t\t\t\t\t<\/div>\n\t\t\t\t<\/div>\n\t\t\t\t\t<\/div>\n\t\t<\/div>\n\t\t\t\t\t<\/div>\n\t\t<\/section>\n\t\t\t\t<section class=\"elementor-section elementor-top-section elementor-element elementor-element-12a13947 elementor-section-full_width elementor-section-content-middle elementor-section-height-default elementor-section-height-default\" data-id=\"12a13947\" data-element_type=\"section\" data-settings=\"{&quot;background_background&quot;:&quot;classic&quot;}\">\n\t\t\t\t\t\t<div class=\"elementor-container elementor-column-gap-no\">\n\t\t\t\t\t<div class=\"elementor-column elementor-col-100 elementor-top-column elementor-element elementor-element-7d63fb73\" data-id=\"7d63fb73\" data-element_type=\"column\">\n\t\t\t<div class=\"elementor-widget-wrap elementor-element-populated\">\n\t\t\t\t\t\t<div class=\"elementor-element elementor-element-13a8dd9a elementor-widget elementor-widget-heading\" data-id=\"13a8dd9a\" data-element_type=\"widget\" data-widget_type=\"heading.default\">\n\t\t\t\t<div class=\"elementor-widget-container\">\n\t\t\t<h3 class=\"elementor-heading-title elementor-size-default\">PIONERS EN SOLUCIONS DE SEGURETAT I COMUNICACI\u00d3\n<\/h3>\t\t<\/div>\n\t\t\t\t<\/div>\n\t\t\t\t\t<\/div>\n\t\t<\/div>\n\t\t\t\t\t<\/div>\n\t\t<\/section>\n\t\t\t\t<section class=\"elementor-section elementor-top-section elementor-element elementor-element-74018075 elementor-section-full_width elementor-section-height-default elementor-section-height-default\" data-id=\"74018075\" data-element_type=\"section\" data-settings=\"{&quot;background_background&quot;:&quot;classic&quot;}\">\n\t\t\t\t\t\t<div class=\"elementor-container elementor-column-gap-no\">\n\t\t\t\t\t<div class=\"elementor-column elementor-col-100 elementor-top-column elementor-element elementor-element-c149660\" data-id=\"c149660\" data-element_type=\"column\">\n\t\t\t<div class=\"elementor-widget-wrap elementor-element-populated\">\n\t\t\t\t\t\t<section class=\"elementor-section elementor-inner-section elementor-element elementor-element-7ad75a38 elementor-section-full_width elementor-section-height-default elementor-section-height-default\" data-id=\"7ad75a38\" data-element_type=\"section\" data-settings=\"{&quot;background_background&quot;:&quot;classic&quot;}\">\n\t\t\t\t\t\t<div class=\"elementor-container elementor-column-gap-default\">\n\t\t\t\t\t<div class=\"elementor-column elementor-col-100 elementor-inner-column elementor-element elementor-element-f0c3008\" data-id=\"f0c3008\" data-element_type=\"column\">\n\t\t\t<div class=\"elementor-widget-wrap elementor-element-populated\">\n\t\t\t\t\t\t<div class=\"elementor-element elementor-element-72fc1627 animated-slow elementor-invisible elementor-widget elementor-widget-heading\" data-id=\"72fc1627\" data-element_type=\"widget\" data-settings=\"{&quot;_animation&quot;:&quot;slideInRight&quot;}\" data-widget_type=\"heading.default\">\n\t\t\t\t<div class=\"elementor-widget-container\">\n\t\t\t<h4 class=\"elementor-heading-title elementor-size-default\">CREIXEMENT I EVOLUCI\u00d3\n<\/h4>\t\t<\/div>\n\t\t\t\t<\/div>\n\t\t\t\t\t<\/div>\n\t\t<\/div>\n\t\t\t\t\t<\/div>\n\t\t<\/section>\n\t\t\t\t\t<\/div>\n\t\t<\/div>\n\t\t\t\t\t<\/div>\n\t\t<\/section>\n\t\t\t\t<section class=\"elementor-section elementor-top-section elementor-element elementor-element-7629985c elementor-section-full_width elementor-section-height-min-height elementor-section-items-stretch elementor-section-content-middle elementor-section-height-default\" data-id=\"7629985c\" data-element_type=\"section\">\n\t\t\t\t\t\t<div class=\"elementor-container elementor-column-gap-no\">\n\t\t\t\t\t<div class=\"elementor-column elementor-col-50 elementor-top-column elementor-element elementor-element-4b6daaa6\" data-id=\"4b6daaa6\" data-element_type=\"column\" data-settings=\"{&quot;background_background&quot;:&quot;classic&quot;}\">\n\t\t\t<div class=\"elementor-widget-wrap elementor-element-populated\">\n\t\t\t\t\t\t<div class=\"elementor-element elementor-element-59817522 elementor-widget elementor-widget-spacer\" data-id=\"59817522\" data-element_type=\"widget\" data-widget_type=\"spacer.default\">\n\t\t\t\t<div class=\"elementor-widget-container\">\n\t\t\t<style>\/*! elementor - v3.19.0 - 07-02-2024 *\/\n.elementor-column .elementor-spacer-inner{height:var(--spacer-size)}.e-con{--container-widget-width:100%}.e-con-inner>.elementor-widget-spacer,.e-con>.elementor-widget-spacer{width:var(--container-widget-width,var(--spacer-size));--align-self:var(--container-widget-align-self,initial);--flex-shrink:0}.e-con-inner>.elementor-widget-spacer>.elementor-widget-container,.e-con>.elementor-widget-spacer>.elementor-widget-container{height:100%;width:100%}.e-con-inner>.elementor-widget-spacer>.elementor-widget-container>.elementor-spacer,.e-con>.elementor-widget-spacer>.elementor-widget-container>.elementor-spacer{height:100%}.e-con-inner>.elementor-widget-spacer>.elementor-widget-container>.elementor-spacer>.elementor-spacer-inner,.e-con>.elementor-widget-spacer>.elementor-widget-container>.elementor-spacer>.elementor-spacer-inner{height:var(--container-widget-height,var(--spacer-size))}.e-con-inner>.elementor-widget-spacer.elementor-widget-empty,.e-con>.elementor-widget-spacer.elementor-widget-empty{position:relative;min-height:22px;min-width:22px}.e-con-inner>.elementor-widget-spacer.elementor-widget-empty .elementor-widget-empty-icon,.e-con>.elementor-widget-spacer.elementor-widget-empty .elementor-widget-empty-icon{position:absolute;top:0;bottom:0;left:0;right:0;margin:auto;padding:0;width:22px;height:22px}<\/style>\t\t<div class=\"elementor-spacer\">\n\t\t\t<div class=\"elementor-spacer-inner\"><\/div>\n\t\t<\/div>\n\t\t\t\t<\/div>\n\t\t\t\t<\/div>\n\t\t\t\t\t<\/div>\n\t\t<\/div>\n\t\t\t\t<div class=\"elementor-column elementor-col-50 elementor-top-column elementor-element elementor-element-1f1c487b\" data-id=\"1f1c487b\" data-element_type=\"column\" data-settings=\"{&quot;background_background&quot;:&quot;classic&quot;}\">\n\t\t\t<div class=\"elementor-widget-wrap elementor-element-populated\">\n\t\t\t\t\t\t<div class=\"elementor-element elementor-element-70db4144 elementor-widget elementor-widget-text-editor\" data-id=\"70db4144\" data-element_type=\"widget\" data-widget_type=\"text-editor.default\">\n\t\t\t\t<div class=\"elementor-widget-container\">\n\t\t\t\t\t\t\tAl llarg dels anys, hem crescut no sols en grand\u00e0ria, sin\u00f3 tamb\u00e9 en experi\u00e8ncia i coneixement. Cada projecte que emprenem \u00e9s una nova oportunitat per a aprendre i millorar, assegurant-nos que els nostres clients rebin sempre el millor en termes d'innovaci\u00f3 i efici\u00e8ncia.\t\t\t\t\t\t<\/div>\n\t\t\t\t<\/div>\n\t\t\t\t\t<\/div>\n\t\t<\/div>\n\t\t\t\t\t<\/div>\n\t\t<\/section>\n\t\t\t\t<section class=\"elementor-section elementor-top-section elementor-element elementor-element-765e134c elementor-section-full_width elementor-section-height-default elementor-section-height-default\" data-id=\"765e134c\" data-element_type=\"section\">\n\t\t\t\t\t\t<div class=\"elementor-container elementor-column-gap-no\">\n\t\t\t\t\t<div class=\"elementor-column elementor-col-100 elementor-top-column elementor-element elementor-element-13a2dc5e\" data-id=\"13a2dc5e\" data-element_type=\"column\">\n\t\t\t<div class=\"elementor-widget-wrap elementor-element-populated\">\n\t\t\t\t\t\t<section class=\"elementor-section elementor-inner-section elementor-element elementor-element-2e654c81 elementor-section-boxed elementor-section-height-default elementor-section-height-default\" data-id=\"2e654c81\" data-element_type=\"section\">\n\t\t\t\t\t\t<div class=\"elementor-container elementor-column-gap-no\">\n\t\t\t\t\t<div class=\"elementor-column elementor-col-100 elementor-inner-column elementor-element elementor-element-6ae8bee5\" data-id=\"6ae8bee5\" data-element_type=\"column\">\n\t\t\t<div class=\"elementor-widget-wrap elementor-element-populated\">\n\t\t\t\t\t\t<div class=\"elementor-element elementor-element-9971d5e elementor-widget elementor-widget-heading\" data-id=\"9971d5e\" data-element_type=\"widget\" data-widget_type=\"heading.default\">\n\t\t\t\t<div class=\"elementor-widget-container\">\n\t\t\t<h2 class=\"elementor-heading-title elementor-size-default\">COMPROM\u00cdS AMB LA QUALITAT I LA CONFIAN\u00c7A\n<\/h2>\t\t<\/div>\n\t\t\t\t<\/div>\n\t\t\t\t<div class=\"elementor-element elementor-element-7c996615 elementor-widget elementor-widget-text-editor\" data-id=\"7c996615\" data-element_type=\"widget\" data-widget_type=\"text-editor.default\">\n\t\t\t\t<div class=\"elementor-widget-container\">\n\t\t\t\t\t\t\t<p>La serietat i la confian\u00e7a s\u00f3n els pilars del nostre negoci. Entenem la import\u00e0ncia de sentir-se segur i comunicat, per la qual cosa cada instal\u00b7laci\u00f3 que realitzem \u00e9s un testimoniatge del nostre comprom\u00eds amb l'excel\u00b7l\u00e8ncia. Els nostres clients confien en nosaltres per la nostra atenci\u00f3 al detall i la nostra constant cerca de superar les seves expectatives.<\/p><p>En Instaloc, estem emocionats pel que el futur ens ofereix. Seguim compromesos amb la nostra missi\u00f3 de cr\u00e9ixer i evolucionar, sempre mantenint el nostre enfocament en la qualitat i la satisfacci\u00f3 del client. Gr\u00e0cies per ser part de la nostra hist\u00f2ria i acompanyar-nos en aquest viatge cap a un futur m\u00e9s segur i connectat.<\/p>\t\t\t\t\t\t<\/div>\n\t\t\t\t<\/div>\n\t\t\t\t\t<\/div>\n\t\t<\/div>\n\t\t\t\t\t<\/div>\n\t\t<\/section>\n\t\t\t\t\t<\/div>\n\t\t<\/div>\n\t\t\t\t\t<\/div>\n\t\t<\/section>\n\t\t\t\t<\/div>","protected":false},"excerpt":{"rendered":"<p>Nuestra Historia Desde nuestros inicios en [a\u00f1o de fundaci\u00f3n], en Instaloc hemos estado a la vanguardia en la instalaci\u00f3n de antenas, porteros autom\u00e1ticos, v\u00eddeo porteros y sistemas de CCTV. Nuestro viaje comenz\u00f3 con una visi\u00f3n clara: ofrecer soluciones de seguridad y comunicaci\u00f3n de la m\u00e1s alta calidad, combinando tecnolog\u00eda avanzada con un enfoque personalizado y [&hellip;]<\/p>","protected":false},"author":1,"featured_media":0,"parent":0,"menu_order":0,"comment_status":"closed","ping_status":"closed","template":"","meta":{"footnotes":""},"class_list":["post-64","page","type-page","status-publish","hentry"],"yoast_head":"<!-- This site is optimized with the Yoast SEO plugin v22.0 - https:\/\/yoast.com\/wordpress\/plugins\/seo\/ -->\n<title>Historia - Instaloc<\/title>\n<meta name=\"robots\" content=\"index, follow, max-snippet:-1, max-image-preview:large, max-video-preview:-1\" \/>\n<link rel=\"canonical\" href=\"https:\/\/instaloc.es\/ca\/historia\/\" \/>\n<meta property=\"og:locale\" content=\"ca_ES\" \/>\n<meta property=\"og:type\" content=\"article\" \/>\n<meta property=\"og:title\" content=\"Historia - Instaloc\" \/>\n<meta property=\"og:description\" content=\"Nuestra Historia Desde nuestros inicios en [a\u00f1o de fundaci\u00f3n], en Instaloc hemos estado a la vanguardia en la instalaci\u00f3n de antenas, porteros autom\u00e1ticos, v\u00eddeo porteros y sistemas de CCTV. Nuestro viaje comenz\u00f3 con una visi\u00f3n clara: ofrecer soluciones de seguridad y comunicaci\u00f3n de la m\u00e1s alta calidad, combinando tecnolog\u00eda avanzada con un enfoque personalizado y [&hellip;]\" \/>\n<meta property=\"og:url\" content=\"https:\/\/instaloc.es\/ca\/historia\/\" \/>\n<meta property=\"og:site_name\" content=\"Instaloc\" \/>\n<meta property=\"article:modified_time\" content=\"2024-02-13T12:12:16+00:00\" \/>\n<meta property=\"og:image\" content=\"https:\/\/instaloc.es\/wp-content\/uploads\/2023\/12\/nathy-dog-z1uDmJx3ZEQ-unsplash-scaled.jpg\" \/>\n<meta name=\"twitter:card\" content=\"summary_large_image\" \/>\n<meta name=\"twitter:label1\" content=\"Temps estimat de lectura\" \/>\n\t<meta name=\"twitter:data1\" content=\"2 minuts\" \/>\n<script type=\"application\/ld+json\" class=\"yoast-schema-graph\">{\"@context\":\"https:\/\/schema.org\",\"@graph\":[{\"@type\":\"WebPage\",\"@id\":\"https:\/\/instaloc.es\/historia\/\",\"url\":\"https:\/\/instaloc.es\/historia\/\",\"name\":\"Historia - Instaloc\",\"isPartOf\":{\"@id\":\"https:\/\/instaloc.es\/#website\"},\"datePublished\":\"2023-12-12T17:45:20+00:00\",\"dateModified\":\"2024-02-13T12:12:16+00:00\",\"breadcrumb\":{\"@id\":\"https:\/\/instaloc.es\/historia\/#breadcrumb\"},\"inLanguage\":\"ca\",\"potentialAction\":[{\"@type\":\"ReadAction\",\"target\":[\"https:\/\/instaloc.es\/historia\/\"]}]},{\"@type\":\"BreadcrumbList\",\"@id\":\"https:\/\/instaloc.es\/historia\/#breadcrumb\",\"itemListElement\":[{\"@type\":\"ListItem\",\"position\":1,\"name\":\"Portada\",\"item\":\"https:\/\/instaloc.es\/\"},{\"@type\":\"ListItem\",\"position\":2,\"name\":\"Historia\"}]},{\"@type\":\"WebSite\",\"@id\":\"https:\/\/instaloc.es\/#website\",\"url\":\"https:\/\/instaloc.es\/\",\"name\":\"Instaloc\",\"description\":\"En Instaloc nuestros servicios profesionales en instalaci\u00f3n de antenas, sistemas de CCTV, porteros y v\u00eddeo porteros. Ofrecemos soluciones avanzadas en seguridad y comunicaci\u00f3n, personalizadas para tu hogar o negocio. Comprometidos con la excelencia y la confianza.\",\"publisher\":{\"@id\":\"https:\/\/instaloc.es\/#organization\"},\"potentialAction\":[{\"@type\":\"SearchAction\",\"target\":{\"@type\":\"EntryPoint\",\"urlTemplate\":\"https:\/\/instaloc.es\/?s={search_term_string}\"},\"query-input\":\"required name=search_term_string\"}],\"inLanguage\":\"ca\"},{\"@type\":\"Organization\",\"@id\":\"https:\/\/instaloc.es\/#organization\",\"name\":\"Instaloc\",\"url\":\"https:\/\/instaloc.es\/\",\"logo\":{\"@type\":\"ImageObject\",\"inLanguage\":\"ca\",\"@id\":\"https:\/\/instaloc.es\/#\/schema\/logo\/image\/\",\"url\":\"https:\/\/instaloc.es\/wp-content\/uploads\/2023\/12\/logo-instaloc.png\",\"contentUrl\":\"https:\/\/instaloc.es\/wp-content\/uploads\/2023\/12\/logo-instaloc.png\",\"width\":317,\"height\":136,\"caption\":\"Instaloc\"},\"image\":{\"@id\":\"https:\/\/instaloc.es\/#\/schema\/logo\/image\/\"}}]}<\/script>\n<!-- \/ Yoast SEO plugin. -->","yoast_head_json":{"title":"Historia - Instaloc","robots":{"index":"index","follow":"follow","max-snippet":"max-snippet:-1","max-image-preview":"max-image-preview:large","max-video-preview":"max-video-preview:-1"},"canonical":"https:\/\/instaloc.es\/ca\/historia\/","og_locale":"ca_ES","og_type":"article","og_title":"Historia - Instaloc","og_description":"Nuestra Historia Desde nuestros inicios en [a\u00f1o de fundaci\u00f3n], en Instaloc hemos estado a la vanguardia en la instalaci\u00f3n de antenas, porteros autom\u00e1ticos, v\u00eddeo porteros y sistemas de CCTV. Nuestro viaje comenz\u00f3 con una visi\u00f3n clara: ofrecer soluciones de seguridad y comunicaci\u00f3n de la m\u00e1s alta calidad, combinando tecnolog\u00eda avanzada con un enfoque personalizado y [&hellip;]","og_url":"https:\/\/instaloc.es\/ca\/historia\/","og_site_name":"Instaloc","article_modified_time":"2024-02-13T12:12:16+00:00","og_image":[{"url":"https:\/\/instaloc.es\/wp-content\/uploads\/2023\/12\/nathy-dog-z1uDmJx3ZEQ-unsplash-scaled.jpg"}],"twitter_card":"summary_large_image","twitter_misc":{"Temps estimat de lectura":"2 minuts"},"schema":{"@context":"https:\/\/schema.org","@graph":[{"@type":"WebPage","@id":"https:\/\/instaloc.es\/historia\/","url":"https:\/\/instaloc.es\/historia\/","name":"Historia - Instaloc","isPartOf":{"@id":"https:\/\/instaloc.es\/#website"},"datePublished":"2023-12-12T17:45:20+00:00","dateModified":"2024-02-13T12:12:16+00:00","breadcrumb":{"@id":"https:\/\/instaloc.es\/historia\/#breadcrumb"},"inLanguage":"ca","potentialAction":[{"@type":"ReadAction","target":["https:\/\/instaloc.es\/historia\/"]}]},{"@type":"BreadcrumbList","@id":"https:\/\/instaloc.es\/historia\/#breadcrumb","itemListElement":[{"@type":"ListItem","position":1,"name":"Portada","item":"https:\/\/instaloc.es\/"},{"@type":"ListItem","position":2,"name":"Historia"}]},{"@type":"WebSite","@id":"https:\/\/instaloc.es\/#website","url":"https:\/\/instaloc.es\/","name":"Instaloc","description":"En Instaloc nuestros servicios profesionales en instalaci\u00f3n de antenas, sistemas de CCTV, porteros y v\u00eddeo porteros. Ofrecemos soluciones avanzadas en seguridad y comunicaci\u00f3n, personalizadas para tu hogar o negocio. Comprometidos con la excelencia y la confianza.","publisher":{"@id":"https:\/\/instaloc.es\/#organization"},"potentialAction":[{"@type":"SearchAction","target":{"@type":"EntryPoint","urlTemplate":"https:\/\/instaloc.es\/?s={search_term_string}"},"query-input":"required name=search_term_string"}],"inLanguage":"ca"},{"@type":"Organization","@id":"https:\/\/instaloc.es\/#organization","name":"Instaloc","url":"https:\/\/instaloc.es\/","logo":{"@type":"ImageObject","inLanguage":"ca","@id":"https:\/\/instaloc.es\/#\/schema\/logo\/image\/","url":"https:\/\/instaloc.es\/wp-content\/uploads\/2023\/12\/logo-instaloc.png","contentUrl":"https:\/\/instaloc.es\/wp-content\/uploads\/2023\/12\/logo-instaloc.png","width":317,"height":136,"caption":"Instaloc"},"image":{"@id":"https:\/\/instaloc.es\/#\/schema\/logo\/image\/"}}]}},"_links":{"self":[{"href":"https:\/\/instaloc.es\/ca\/wp-json\/wp\/v2\/pages\/64","targetHints":{"allow":["GET"]}}],"collection":[{"href":"https:\/\/instaloc.es\/ca\/wp-json\/wp\/v2\/pages"}],"about":[{"href":"https:\/\/instaloc.es\/ca\/wp-json\/wp\/v2\/types\/page"}],"author":[{"embeddable":true,"href":"https:\/\/instaloc.es\/ca\/wp-json\/wp\/v2\/users\/1"}],"replies":[{"embeddable":true,"href":"https:\/\/instaloc.es\/ca\/wp-json\/wp\/v2\/comments?post=64"}],"version-history":[{"count":16,"href":"https:\/\/instaloc.es\/ca\/wp-json\/wp\/v2\/pages\/64\/revisions"}],"predecessor-version":[{"id":155,"href":"https:\/\/instaloc.es\/ca\/wp-json\/wp\/v2\/pages\/64\/revisions\/155"}],"wp:attachment":[{"href":"https:\/\/instaloc.es\/ca\/wp-json\/wp\/v2\/media?parent=64"}],"curies":[{"name":"wp","href":"https:\/\/api.w.org\/{rel}","templated":true}]}}